{"id":55,"date":"2015-11-30T20:53:39","date_gmt":"2015-11-30T19:53:39","guid":{"rendered":"http:\/\/www.aalbachtal-express.de\/wp\/?page_id=55"},"modified":"2025-01-21T15:58:35","modified_gmt":"2025-01-21T15:58:35","slug":"ueber-uns","status":"publish","type":"page","link":"https:\/\/www.aalbachtal-express.de\/?page_id=55","title":{"rendered":"\u00dcber uns"},"content":{"rendered":"<p style=\"text-align: left;\">Seit \u00fcber 45 Jahren begeistert der Aalbachtal-Express G\u00e4ste aus nah und fern, jung und alt. Mit seiner unvergleichbaren Flexibilit\u00e4t schafft das nur der Aalbachtal-Express. Gerne l\u00e4sst sich der Aalbachtal-Express an dem Umsatz ihres Festes messen. Die dreizehn Musiker spielen wirklich noch alles live was in der heutigen &#8222;Alleinunterhalter- und Playback-Band-Zeit&#8220; eine echte Rarit\u00e4t ist. Der Aalbachtal-Express hat seit Jahrzehnten in hunderten von Auftritten weltweit mit einem Programm von Blasmusik bis zu aktuellen Charts schon millionenfach G\u00e4ste begeistert!<\/p>\n<p style=\"text-align: left;\">Ganz nach dem Motto: &#8222;und Spa\u00df dabei!&#8220;<\/p>\n<p style=\"text-align: left;\">Unsere Referenzen: Big Bear Lake Oktoberfest (Kalifornien\/USA), Oktoberfest Hamburg, Volksfest N\u00fcrnberg, Volksfest N\u00f6rdlingen, Volksfest Crailsheim, Volksfest Feuchtwangen, Kiliani W\u00fcrzburg, Volksfest Schweinfurt, Pfingstmarkt Alsfeld, Marktheidenfelder Laurenzi Messe, Miltenberger Michaelis Messe, Wertheimer Messe, Posthalle W\u00fcrzburg, Nato Base Neapel, Oktoberfest Brasov (gr\u00f6\u00dftes Oktoberfest Europas au\u00dferhalb Deutschlands, Auslandsauftritte in Polen, Frankreich, USA, Theo F\u00f6rch Firmenfest mit Bata Illic, Mallorca Party mit Peter Wackel, Unz\u00e4hlige Kirmesveranstaltungen, Feuerwehrfeste, Oktoberfeste und Stadtfeste Deutschland und Weltweit<\/p>\n<p>Der Aalbachtal-Express besteht aus 13 Musikern!<\/p>\n<p><img decoding=\"async\" src=\"http:\/\/www.aalbachtal-express.de\/wp-content\/uploads\/2025\/01\/Gruppenfoto_hochformat_transparent_small.png\" alt=\"Gruppenfoto\" \/><\/a><\/p>\n<p style=\"text-align: center;\"><a href=\"#putz\">Putz<\/a>, <a href=\"#guenter\">G\u00fcnter<\/a>, <a href=\"#jojo\">Jojo<\/a>, <a href=\"#marcel\">Marcel<\/a>, <a href=\"#thomas\">Thomas<\/a>, <a href=\"#jp\">JP<\/a><\/p>\n<p style=\"text-align: center;\"><a href=\"#spitzer\">Spitzer<\/a>, <a href=\"#mel\">Mel<\/a>, <a href=\"#maxi\">Maxi<\/a>, <a href=\"#rene\">Ren\u00e9<\/a>, <a href=\"#elena\">Elena<\/a>, <a href=\"#knecht\">Knecht<\/a>, <a  href=\"#lea\">Lea<\/a><\/p>\n<div id=\"portraits\" class=\"grid-container\">\n<div id=\"images\" class=\"grid-child images\"><img decoding=\"async\" src=\"http:\/\/www.aalbachtal-express.de\/wp-content\/uploads\/Express_Portrait-5-scaled.jpg\" alt=\"Portrait_Putz\" \/><\/div>\n<div id=\"description\" class=\"grid-child description\">\n<h2>Putz<\/h2>\n<h4>J\u00fcrgen L.<\/h4>\n<p><b>Instrument:<\/b> Trompete<\/p>\n<p><b>Geburtstag:<\/b> 12.08.<\/p>\n<p class=\"motto\"><b>Motto:<\/b> &#8222;Mein liebstes weibliches Wesen ist meine Trompete. Ihr kann ich das Mundst\u00fcck abnehmen&#8220;<\/p>\n<\/div>\n<div id=\"guenter\" class=\"grid-child images\"><img decoding=\"async\" src=\"http:\/\/www.aalbachtal-express.de\/wp-content\/uploads\/Express_Portrait-6-scaled.jpg\" alt=\"Portrait_G\u00fcnter\" \/><\/div>\n<div id=\"description\" class=\"grid-child description\">\n<h2>G\u00fcnter<\/h2>\n<h4>G\u00fcnter F. &#8211; H.<\/h4>\n<p><b>Instrument:<\/b> E-Bass, Tuba<\/p>\n<p><b>Geburtstag:<\/b> 07.03.<\/p>\n<p class=\"motto\"><b>Motto:<\/b> &#8222;Es gibt nichts Gutes. Au\u00dfer man tut es&#8220;<\/p>\n<\/div>\n<div id=\"jojo\" class=\"grid-child images\"><img decoding=\"async\" src=\"http:\/\/www.aalbachtal-express.de\/wp-content\/uploads\/Express_Portrait-9-scaled.jpg\" alt=\"Portrait_Jojo\" \/><\/div>\n<div id=\"description\" class=\"grid-child description\">\n<h2>Jojo<\/h2>\n<h4>Joachim V.<\/h4>\n<p><b>Instrument:<\/b> Gesang, Frontmann<\/p>\n<p><b>Geburtstag:<\/b> 04.01.<\/p>\n<p class=\"motto\"><b>Motto:<\/b> &#8222;Mut zur _____L\u00fccke&#8220;<\/p>\n<\/div>\n<div id=\"marcel\" class=\"grid-child images\"><img decoding=\"async\" src=\"http:\/\/www.aalbachtal-express.de\/wp-content\/uploads\/2025\/01\/marcel.jpg\" alt=\"Portrait_Marcel\" \/><\/div>\n<div id=\"description\" class=\"grid-child description\">\n<h2>Marcel<\/h2>\n<h4>Marcel V.<\/h4>\n<p><b>Instrument:<\/b> Gitarre, Gesang<\/p>\n<p><b>Geburtstag:<\/b> 11.09.<\/p>\n<p class=\"motto\"><b>Motto:<\/b> &#8222;Gitarren sind wie Frauen, nicht nur zum streicheln da! \ud83e\udd2d\ud83d\ude02&#8220;<\/p>\n<\/div>\n<div id=\"thomas\" class=\"grid-child images\"><img decoding=\"async\" src=\"http:\/\/www.aalbachtal-express.de\/wp-content\/uploads\/Express_Portrait-4-scaled.jpg\" alt=\"Portrait_Thomas\" \/><\/div>\n<div id=\"description\" class=\"grid-child description\">\n<h2>Thomas<\/h2>\n<h4>Thomas R.<\/h4>\n<p><b>Instrument:<\/b> Bariton, Posaune<\/p>\n<p><b>Geburtstag:<\/b> 21.11.<\/p>\n<p class=\"motto\"><b>Motto:<\/b> &#8222;Daheim sterben die Leut&#8220;<\/p>\n<\/div>\n<div id=\"jp\" class=\"grid-child images\"><img decoding=\"async\" src=\"http:\/\/www.aalbachtal-express.de\/wp-content\/uploads\/Express_Portrait-7-scaled.jpg\" alt=\"Portrait_JP\" \/><\/div>\n<div id=\"description\" class=\"grid-child description\">\n<h2>JP<\/h2>\n<h4>Jan-Philipp F.<\/h4>\n<p><b>Instrument:<\/b> Keyboard, Gesang<\/p>\n<p><b>Geburtstag:<\/b> 27.07.<\/p>\n<p class=\"motto\"><b>Motto:<\/b> &#8222;Also eigentlich bin ich Keyboarder&#8230;&#8220;<\/p>\n<\/div>\n<div id=\"spitzer\" class=\"grid-child images\"><img decoding=\"async\" src=\"http:\/\/www.aalbachtal-express.de\/wp-content\/uploads\/Express_Portrait-1-scaled.jpg\" alt=\"Portrait_Spitzer\" \/><\/div>\n<div id=\"description\" class=\"grid-child description\">\n<h2>Spitzer<\/h2>\n<h4>Michael E.<\/h4>\n<p><b>Instrument:<\/b> Trompete<\/p>\n<p><b>Geburtstag:<\/b> 10.10.<\/p>\n<p class=\"motto\"><b>Motto:<\/b> &#8222;Gib jedem Tag die Chance, der beste deines Lebens zu sein!&#8220;<\/p>\n<\/div>\n<div id=\"mel\" class=\"grid-child images\"><img decoding=\"async\" src=\"http:\/\/www.aalbachtal-express.de\/wp-content\/uploads\/Express_Portrait-8-scaled.jpg\" alt=\"Portrait_Melli\" \/><\/div>\n<div id=\"description\" class=\"grid-child description\">\n<h2>Mel<\/h2>\n<h4>Melanie F.<\/h4>\n<p><b>Instrument:<\/b> Klarinette, Saxophon<\/p>\n<p><b>Geburtstag:<\/b> 12.04.<\/p>\n<p class=\"motto\"><b>Motto:<\/b> &#8222;Stille Wasser gr\u00fcnden tief&#8220;<\/p>\n<\/div>\n<div id=\"maxi\" class=\"grid-child images\"><img decoding=\"async\" src=\"http:\/\/www.aalbachtal-express.de\/wp-content\/uploads\/Express_Maxi.jpg\" alt=\"Portrait_Maxi\" \/><\/div>\n<div id=\"description\" class=\"grid-child description\">\n<h2>Maxi<\/h2>\n<h4>Maximilian W.<\/h4>\n<p><b>Instrument:<\/b> Gesang<\/p>\n<p><b>Geburtstag:<\/b> 14.05.<\/p>\n<p class=\"motto\"><b>Motto:<\/b> &#8222;&#8220;<\/p>\n<\/div>\n<div id=\"rene\" class=\"grid-child images\"><img decoding=\"async\" src=\"http:\/\/www.aalbachtal-express.de\/wp-content\/uploads\/Express_Portrait-11-scaled.jpg\" alt=\"Portrait_Rene\" \/><\/div>\n<div id=\"description\" class=\"grid-child description\">\n<h2>Ren\u00e9<\/h2>\n<h4>Ren\u00e9 H.<\/h4>\n<p><b>Instrument:<\/b> Tenorhorn, Posaune<\/p>\n<p><b>Geburtstag:<\/b> 07.11.<\/p>\n<p class=\"motto\"><b>Motto:<\/b> &#8222;Du kannst dein Leben nicht verl\u00e4ngern &#8211; nur vertiefen. Nicht dem Leben mehr Jahre geben, aber den Jahren mehr Leben geben.&#8220;<\/p>\n<\/div>\n<div id=\"elena\" class=\"grid-child images\"><img decoding=\"async\" src=\"http:\/\/www.aalbachtal-express.de\/wp-content\/uploads\/Express_Portrait-3-scaled.jpg\" alt=\"Portrait_Elena\" \/><\/div>\n<div id=\"description\" class=\"grid-child description\">\n<h2>Elli<\/h2>\n<h4>Elena A.<\/h4>\n<p><b>Instrument:<\/b> Klarinette, Saxophon, Gesang<\/p>\n<p><b>Geburtstag:<\/b> 29.12.<\/p>\n<p class=\"motto\"><b>Motto:<\/b><\/p>\n<\/div>\n<div id=\"knecht\" class=\"grid-child images\"><img decoding=\"async\" src=\"http:\/\/www.aalbachtal-express.de\/wp-content\/uploads\/Express_Portrait-2-scaled.jpg\" alt=\"Portrait_Knecht\" \/><\/div>\n<div id=\"description\" class=\"grid-child description\">\n<h2>Knecht<\/h2>\n<h4>Christian K.<\/h4>\n<p><b>Instrument:<\/b> Schlagzeug<\/p>\n<p><b>Geburtstag:<\/b> 11.09.<\/p>\n<p class=\"motto\"><b>Motto:<\/b> &#8222;Arbeiten um zu Leben! Und nicht Leben um zu Arbeiten!&#8220;<\/p>\n<\/div>\n<div id=\"lea\" class=\"grid-child images\"><img decoding=\"async\" src=\"http:\/\/www.aalbachtal-express.de\/wp-content\/uploads\/2025\/01\/lea.jpg\" alt=\"Portrait_Lea\" \/><\/div>\n<div id=\"description\" class=\"grid-child description\">\n<h2>Lea<\/h2>\n<h4>Lea S.<\/h4>\n<p><b>Instrument:<\/b> Klarinette, Saxophon<\/p>\n<p><b>Geburtstag:<\/b> 14.07.<\/p>\n<p class=\"motto\"><b>Motto:<\/b> &#8222;Tr\u00e4ume nicht dein Leben, lebe deinen Traum!&#8220;<\/p>\n<\/div>\n","protected":false},"excerpt":{"rendered":"<p>Seit \u00fcber 45 Jahren begeistert der Aalbachtal-Express G\u00e4ste aus nah und fern, jung und alt. Mit seiner unvergleichbaren Flexibilit\u00e4t schafft das nur der Aalbachtal-Express. Gerne l\u00e4sst sich der Aalbachtal-Express an dem Umsatz ihres Festes messen. Die dreizehn Musiker spielen wirklich noch alles live was in der heutigen &#8222;Alleinunterhalter- und Playback-Band-Zeit&#8220; eine echte Rarit\u00e4t ist. Der &hellip; <\/p>\n<p class=\"link-more\"><a href=\"https:\/\/www.aalbachtal-express.de\/?page_id=55\" class=\"more-link\"><span class=\"screen-reader-text\">\u201e\u00dcber uns\u201c <\/span>weiterlesen<\/a><\/p>\n","protected":false},"author":1,"featured_media":0,"parent":0,"menu_order":0,"comment_status":"closed","ping_status":"open","template":"","meta":{"footnotes":""},"class_list":["post-55","page","type-page","status-publish","hentry"],"_links":{"self":[{"href":"https:\/\/www.aalbachtal-express.de\/index.php?rest_route=\/wp\/v2\/pages\/55","targetHints":{"allow":["GET"]}}],"collection":[{"href":"https:\/\/www.aalbachtal-express.de\/index.php?rest_route=\/wp\/v2\/pages"}],"about":[{"href":"https:\/\/www.aalbachtal-express.de\/index.php?rest_route=\/wp\/v2\/types\/page"}],"author":[{"embeddable":true,"href":"https:\/\/www.aalbachtal-express.de\/index.php?rest_route=\/wp\/v2\/users\/1"}],"replies":[{"embeddable":true,"href":"https:\/\/www.aalbachtal-express.de\/index.php?rest_route=%2Fwp%2Fv2%2Fcomments&post=55"}],"version-history":[{"count":22,"href":"https:\/\/www.aalbachtal-express.de\/index.php?rest_route=\/wp\/v2\/pages\/55\/revisions"}],"predecessor-version":[{"id":668,"href":"https:\/\/www.aalbachtal-express.de\/index.php?rest_route=\/wp\/v2\/pages\/55\/revisions\/668"}],"wp:attachment":[{"href":"https:\/\/www.aalbachtal-express.de\/index.php?rest_route=%2Fwp%2Fv2%2Fmedia&parent=55"}],"curies":[{"name":"wp","href":"https:\/\/api.w.org\/{rel}","templated":true}]}}