{"id":86,"date":"2015-12-25T19:51:45","date_gmt":"2015-12-25T18:51:45","guid":{"rendered":"http:\/\/www.aalbachtal-express.de\/wp\/?page_id=86"},"modified":"2025-01-21T13:58:33","modified_gmt":"2025-01-21T13:58:33","slug":"kontakt-veranstalter-presse","status":"publish","type":"page","link":"https:\/\/www.aalbachtal-express.de\/?page_id=86","title":{"rendered":"Kontakt \/ Veranstalter \/ Presse"},"content":{"rendered":"<p><strong>Management:<\/strong><br \/>\nAalbachtal-Express GbR<\/p>\n<p>Ren\u00e9 H\u00fcbner<br \/>\nAn d. Leite 13<br \/>\n97297 Waldb\u00fcttelbrunn<\/p>\n<p>Mobil: +49 (0)160\/4214574<\/p>\n<p>E-Mail: <a href=\"mailto:info@aalbachtal-express.de\">info@aalbachtal-express.de<\/a><\/p>\n<p><strong>Musikalische Leitung:<\/strong><br \/>\nJoachim Volpert<\/p>\n<p><strong>Gesch\u00e4ftsf\u00fchrung:<\/strong><br \/>\nJoachim Volpert<\/p>\n<p><strong>Werbeunterlagen:<\/strong><br \/>\n<a href=\"http:\/\/www.aalbachtal-express.de\/wp-content\/uploads\/2025\/01\/Gruppenfoto_hochformat_transparent.png\" target=\"_blank\" rel=\"noopener\">Gruppenfoto mit Tracht (.png)<\/a><a href=\"http:\/\/www.aalbachtal-express.de\/wp-content\/uploads\/GroupTShirt_transparentBackground.png\" target=\"_blank\" rel=\"noopener\"><br \/>\n<\/a><a href=\"http:\/\/www.aalbachtal-express.de\/wp-content\/uploads\/2016\/01\/aalbachtal-express-logo_muster.jpg\" target=\"_blank\" rel=\"noopener\">Logo<\/a><a href=\"http:\/\/www.aalbachtal-express.de\/wp-content\/uploads\/GroupTShirt_transparentBackground.png\" target=\"_blank\" rel=\"noopener\"><br \/>\n<\/a><a href=\"http:\/\/www.aalbachtal-express.de\/wp-content\/uploads\/2016\/01\/Aalbachtal-Express_Logo_muster.gif\">Logo (gif)<\/a><a href=\"http:\/\/www.aalbachtal-express.de\/wp-content\/uploads\/GroupTShirt_transparentBackground.png\" target=\"_blank\" rel=\"noopener\"><br \/>\n<\/a><a href=\"http:\/\/www.aalbachtal-express.de\/wp-content\/uploads\/pressetext.txt\" target=\"_blank\" rel=\"noopener\">Pressetext<\/a><\/p>\n<p><strong>H\u00f6rbeispiele:<\/strong><br \/>\n<a href=\"http:\/\/www.youtube.com\/watch?v=ZE9ZN7fX-PY\" target=\"_blank\" rel=\"noopener\">Achy Breaky Heart<\/a><br \/>\n<a href=\"http:\/\/www.youtube.com\/watch?v=uwOAun6mneU\" target=\"_blank\" rel=\"noopener\">Fischerin vom Bodensee<\/a><br \/>\n<a href=\"http:\/\/www.youtube.com\/watch?v=JKuE_qZd_cU\" target=\"_blank\" rel=\"noopener\">Gru\u00df an Kiel<\/a><br \/>\n<a href=\"http:\/\/www.youtube.com\/watch?v=4EcCzvetBhw\" target=\"_blank\" rel=\"noopener\">Fett Polka<\/a><br \/>\n<a href=\"http:\/\/www.youtube.com\/watch?v=SCBMzrk6SPA\" target=\"_blank\" rel=\"noopener\">Proud Mary<\/a><br \/>\n<a href=\"http:\/\/www.youtube.com\/watch?v=4MrMs_4q7gI\">Westerland<\/a><\/p>\n","protected":false},"excerpt":{"rendered":"<p>Management: Aalbachtal-Express GbR Ren\u00e9 H\u00fcbner An d. Leite 13 97297 Waldb\u00fcttelbrunn Mobil: +49 (0)160\/4214574 E-Mail: info@aalbachtal-express.de Musikalische Leitung: Joachim Volpert Gesch\u00e4ftsf\u00fchrung: Joachim Volpert Werbeunterlagen: Gruppenfoto mit Tracht (.png) Logo Logo (gif) Pressetext H\u00f6rbeispiele: Achy Breaky Heart Fischerin vom Bodensee Gru\u00df an Kiel Fett Polka Proud Mary Westerland<\/p>\n","protected":false},"author":1,"featured_media":0,"parent":0,"menu_order":0,"comment_status":"closed","ping_status":"open","template":"","meta":{"footnotes":""},"class_list":["post-86","page","type-page","status-publish","hentry"],"_links":{"self":[{"href":"https:\/\/www.aalbachtal-express.de\/index.php?rest_route=\/wp\/v2\/pages\/86","targetHints":{"allow":["GET"]}}],"collection":[{"href":"https:\/\/www.aalbachtal-express.de\/index.php?rest_route=\/wp\/v2\/pages"}],"about":[{"href":"https:\/\/www.aalbachtal-express.de\/index.php?rest_route=\/wp\/v2\/types\/page"}],"author":[{"embeddable":true,"href":"https:\/\/www.aalbachtal-express.de\/index.php?rest_route=\/wp\/v2\/users\/1"}],"replies":[{"embeddable":true,"href":"https:\/\/www.aalbachtal-express.de\/index.php?rest_route=%2Fwp%2Fv2%2Fcomments&post=86"}],"version-history":[{"count":1,"href":"https:\/\/www.aalbachtal-express.de\/index.php?rest_route=\/wp\/v2\/pages\/86\/revisions"}],"predecessor-version":[{"id":639,"href":"https:\/\/www.aalbachtal-express.de\/index.php?rest_route=\/wp\/v2\/pages\/86\/revisions\/639"}],"wp:attachment":[{"href":"https:\/\/www.aalbachtal-express.de\/index.php?rest_route=%2Fwp%2Fv2%2Fmedia&parent=86"}],"curies":[{"name":"wp","href":"https:\/\/api.w.org\/{rel}","templated":true}]}}